{"id":5,"date":"2023-01-10T16:10:41","date_gmt":"2023-01-10T16:10:41","guid":{"rendered":"https:\/\/freitags-texte.de\/?page_id=5"},"modified":"2023-01-10T17:12:52","modified_gmt":"2023-01-10T17:12:52","slug":"willkommen-auf-https-freitags-texte-de","status":"publish","type":"page","link":"https:\/\/freitags-texte.de\/","title":{"rendered":"Willkommen auf freitags-texte.de"},"content":{"rendered":"\n<p>Texte m\u00fcssen treffen, um zu wirken. Und zwar entweder ins Herz oder in den Kopf des Adressaten. Nur so erzielen sie Imagewirkung oder Vertriebserfolg.<\/p>\n\n\n\n<p>Um dies f\u00fcr Ihr Unternehmen, Ihren Verlag oder Ihre Einrichtung sicher zu stellen, stehe ich Ihnen gern als professionelle Texterin in allen Bereichen zur Verf\u00fcgung: von redaktionellen Textformen wie <strong>Fachartikel<\/strong>, <strong>Magazinbeitr\u00e4ge <\/strong>oder <strong>Pressemitteilungen <\/strong>\u00fcber werbliche Genres wie <strong>Werbeanschreiben <\/strong>und vertriebsorientierte Artikel wie <strong>Shoptexte <\/strong>oder <strong>SEO-Content <\/strong>bis hin zu imagebetonten Texten wie <strong>Unternehmensportr\u00e4ts<\/strong>. <\/p>\n\n\n\n<p>Ein guter Text kann vieles leisten: Er kann Menschen auf emotionaler oder rationaler Ebene ansprechen, Imagebotschaften vermitteln oder Fakteninformationen zur Verf\u00fcgung stellen. Durch die Vielfalt an Stilen, Genres und Darstellungsformen kann jede gew\u00fcnschte Wirkung erzielt werden \u2013 von objektiver <strong>Information <\/strong>\u00fcber <strong>Meinungsverst\u00e4rkung <\/strong>bis <strong>Kauferfolg<\/strong>.<\/p>\n\n\n\n<blockquote class=\"wp-block-quote\">\n<p><strong>\u00dcber mich<\/strong><\/p>\n\n\n\n<p>Mein Name ist Annegret Freitag. Ich bin studierte Journalistin und seit mehr als 15 Jahren freiberuflich t\u00e4tig. In der redaktionellen Arbeit f\u00fcr Unternehmen, Agenturen und Medienh\u00e4user bediene ich die gesamte Bandbreite moderner Texterstellung.<\/p>\n\n\n\n<p>Als Texterin und Redakteurin bin ich sowohl im Auftrag lokaler Firmen und Verlage t\u00e4tig wie auch in der Unterst\u00fctzung der Kommunikation von Gro\u00dfunternehmen. Dabei erstelle ich redaktionelle Beitr\u00e4ge f\u00fcr Printmedien ebenso wie Werbe- und Pressetexte sowie auf Suchmaschinenoptimierung ausgerichteten Online-Content.<\/p>\n\n\n\n<p><\/p>\n\n\n\n<p><\/p>\n<\/blockquote>\n\n\n\n<p><\/p>\n\n\n\n<p><strong>Meine Themenschwerpunkte:\u00a0\u00a0\u00a0\u00a0\u00a0\u00a0\u00a0 <\/strong><\/p>\n\n\n\n<ul>\n<li>Wirtschaft und Handwerk<\/li>\n\n\n\n<li>Gesundheit \/ Health Care<\/li>\n\n\n\n<li>Marketing und Kommunikation<\/li>\n\n\n\n<li>IT und Web<\/li>\n<\/ul>\n\n\n\n<p><\/p>\n","protected":false},"excerpt":{"rendered":"<p>Texte m\u00fcssen treffen, um zu wirken. Und zwar entweder ins Herz oder in den Kopf des Adressaten. Nur so erzielen sie Imagewirkung oder Vertriebserfolg. Um dies f\u00fcr Ihr Unternehmen, Ihren Verlag oder Ihre Einrichtung sicher zu stellen, stehe ich Ihnen gern als professionelle Texterin in allen Bereichen zur Verf\u00fcgung: von redaktionellen Textformen wie Fachartikel, Magazinbeitr\u00e4ge [&hellip;]<\/p>\n","protected":false},"author":1,"featured_media":0,"parent":0,"menu_order":0,"comment_status":"closed","ping_status":"open","template":"","meta":[],"_links":{"self":[{"href":"https:\/\/freitags-texte.de\/index.php?rest_route=\/wp\/v2\/pages\/5"}],"collection":[{"href":"https:\/\/freitags-texte.de\/index.php?rest_route=\/wp\/v2\/pages"}],"about":[{"href":"https:\/\/freitags-texte.de\/index.php?rest_route=\/wp\/v2\/types\/page"}],"author":[{"embeddable":true,"href":"https:\/\/freitags-texte.de\/index.php?rest_route=\/wp\/v2\/users\/1"}],"replies":[{"embeddable":true,"href":"https:\/\/freitags-texte.de\/index.php?rest_route=%2Fwp%2Fv2%2Fcomments&post=5"}],"version-history":[{"count":5,"href":"https:\/\/freitags-texte.de\/index.php?rest_route=\/wp\/v2\/pages\/5\/revisions"}],"predecessor-version":[{"id":29,"href":"https:\/\/freitags-texte.de\/index.php?rest_route=\/wp\/v2\/pages\/5\/revisions\/29"}],"wp:attachment":[{"href":"https:\/\/freitags-texte.de\/index.php?rest_route=%2Fwp%2Fv2%2Fmedia&parent=5"}],"curies":[{"name":"wp","href":"https:\/\/api.w.org\/{rel}","templated":true}]}}