{"id":20,"date":"2023-01-10T16:56:01","date_gmt":"2023-01-10T16:56:01","guid":{"rendered":"https:\/\/freitags-texte.de\/?page_id=20"},"modified":"2023-01-10T17:05:33","modified_gmt":"2023-01-10T17:05:33","slug":"impressum","status":"publish","type":"page","link":"https:\/\/freitags-texte.de\/?page_id=20","title":{"rendered":"Impressum"},"content":{"rendered":"\n<p>Herausgeber und Eigent\u00fcmer der Website ist Annegret Freitag.<\/p>\n\n\n\n<p>Annegret Freitag, Freie Texterin und Journalistin<\/p>\n\n\n\n<p>Wiesengasse 3, 67471 Elmstein<\/p>\n\n\n\n<p>Annegret.Freitag\/\/at\/\/freitags-texte.de<\/p>\n\n\n\n<p>Umsatzsteuer-Identifikationsnummer: 31\/044\/34815<\/p>\n\n\n\n<p>Alle auf dieser Seite vorhandenen Inhalte sind mit Sorgfalt verfasst. F\u00fcr eventuelle Fehler oder Irrt\u00fcmer kann jedoch keine Haftung \u00fcbernommen werden. Bei Links auf externe Seiten gilt, dass f\u00fcr deren Inhalt ausschlie\u00dflich die jeweiligen Herausgeber verantwortlich sind.<\/p>\n","protected":false},"excerpt":{"rendered":"<p>Herausgeber und Eigent\u00fcmer der Website ist Annegret Freitag. Annegret Freitag, Freie Texterin und Journalistin Wiesengasse 3, 67471 Elmstein Annegret.Freitag\/\/at\/\/freitags-texte.de Umsatzsteuer-Identifikationsnummer: 31\/044\/34815 Alle auf dieser Seite vorhandenen Inhalte sind mit Sorgfalt verfasst. F\u00fcr eventuelle Fehler oder Irrt\u00fcmer kann jedoch keine Haftung \u00fcbernommen werden. Bei Links auf externe Seiten gilt, dass f\u00fcr deren Inhalt ausschlie\u00dflich die jeweiligen [&hellip;]<\/p>\n","protected":false},"author":1,"featured_media":0,"parent":0,"menu_order":0,"comment_status":"closed","ping_status":"closed","template":"","meta":[],"_links":{"self":[{"href":"https:\/\/freitags-texte.de\/index.php?rest_route=\/wp\/v2\/pages\/20"}],"collection":[{"href":"https:\/\/freitags-texte.de\/index.php?rest_route=\/wp\/v2\/pages"}],"about":[{"href":"https:\/\/freitags-texte.de\/index.php?rest_route=\/wp\/v2\/types\/page"}],"author":[{"embeddable":true,"href":"https:\/\/freitags-texte.de\/index.php?rest_route=\/wp\/v2\/users\/1"}],"replies":[{"embeddable":true,"href":"https:\/\/freitags-texte.de\/index.php?rest_route=%2Fwp%2Fv2%2Fcomments&post=20"}],"version-history":[{"count":2,"href":"https:\/\/freitags-texte.de\/index.php?rest_route=\/wp\/v2\/pages\/20\/revisions"}],"predecessor-version":[{"id":27,"href":"https:\/\/freitags-texte.de\/index.php?rest_route=\/wp\/v2\/pages\/20\/revisions\/27"}],"wp:attachment":[{"href":"https:\/\/freitags-texte.de\/index.php?rest_route=%2Fwp%2Fv2%2Fmedia&parent=20"}],"curies":[{"name":"wp","href":"https:\/\/api.w.org\/{rel}","templated":true}]}}