{"id":18,"date":"2023-01-10T16:53:27","date_gmt":"2023-01-10T16:53:27","guid":{"rendered":"https:\/\/freitags-texte.de\/?page_id=18"},"modified":"2023-01-10T16:53:27","modified_gmt":"2023-01-10T16:53:27","slug":"leistungen","status":"publish","type":"page","link":"https:\/\/freitags-texte.de\/?page_id=18","title":{"rendered":"Leistungen"},"content":{"rendered":"\n<p><strong>Webtexte<\/strong>: Webseiten-Texte, Blogbeitr\u00e4ge, Magazinbeitr\u00e4ge, Shoptexte, Produkttexte, Kategoriebeschreibungen, Landingpages usw.<\/p>\n\n\n\n<p><strong>PR-Texte<\/strong>: Pressemitteilungen, Image-Texte, Firmenvorstellungen etc.<\/p>\n\n\n\n<p><strong>Print-Artikel<\/strong>: Fachartikel, Textarbeiten f\u00fcr B\u00fccher und Chroniken, Anwenderberichte uvm.<\/p>\n\n\n\n<p><strong>Werbetexte<\/strong>: Anschreiben, Anzeigentexte, Brosch\u00fcren- und Flyertexte<\/p>\n\n\n\n<p><strong>Lektorat<\/strong>: Stillektorat und Korrektorat f\u00fcr alle Textarten<\/p>\n\n\n\n<blockquote class=\"wp-block-quote\">\n<p>Ich decke s\u00e4mtliche Stilrichtungen und Darstellungsformen ab \u2013 von Ratgebertexten \u00fcber Reportagen bis hin zu Interviews, von Produktbeschreibungen \u00fcber Portr\u00e4ts bis hin zu Fachberichten.<\/p>\n<\/blockquote>\n","protected":false},"excerpt":{"rendered":"<p>Webtexte: Webseiten-Texte, Blogbeitr\u00e4ge, Magazinbeitr\u00e4ge, Shoptexte, Produkttexte, Kategoriebeschreibungen, Landingpages usw. PR-Texte: Pressemitteilungen, Image-Texte, Firmenvorstellungen etc. Print-Artikel: Fachartikel, Textarbeiten f\u00fcr B\u00fccher und Chroniken, Anwenderberichte uvm. Werbetexte: Anschreiben, Anzeigentexte, Brosch\u00fcren- und Flyertexte Lektorat: Stillektorat und Korrektorat f\u00fcr alle Textarten Ich decke s\u00e4mtliche Stilrichtungen und Darstellungsformen ab \u2013 von Ratgebertexten \u00fcber Reportagen bis hin zu Interviews, von Produktbeschreibungen \u00fcber [&hellip;]<\/p>\n","protected":false},"author":1,"featured_media":0,"parent":0,"menu_order":0,"comment_status":"closed","ping_status":"closed","template":"","meta":[],"_links":{"self":[{"href":"https:\/\/freitags-texte.de\/index.php?rest_route=\/wp\/v2\/pages\/18"}],"collection":[{"href":"https:\/\/freitags-texte.de\/index.php?rest_route=\/wp\/v2\/pages"}],"about":[{"href":"https:\/\/freitags-texte.de\/index.php?rest_route=\/wp\/v2\/types\/page"}],"author":[{"embeddable":true,"href":"https:\/\/freitags-texte.de\/index.php?rest_route=\/wp\/v2\/users\/1"}],"replies":[{"embeddable":true,"href":"https:\/\/freitags-texte.de\/index.php?rest_route=%2Fwp%2Fv2%2Fcomments&post=18"}],"version-history":[{"count":1,"href":"https:\/\/freitags-texte.de\/index.php?rest_route=\/wp\/v2\/pages\/18\/revisions"}],"predecessor-version":[{"id":19,"href":"https:\/\/freitags-texte.de\/index.php?rest_route=\/wp\/v2\/pages\/18\/revisions\/19"}],"wp:attachment":[{"href":"https:\/\/freitags-texte.de\/index.php?rest_route=%2Fwp%2Fv2%2Fmedia&parent=18"}],"curies":[{"name":"wp","href":"https:\/\/api.w.org\/{rel}","templated":true}]}}